{"id":356,"date":"2022-07-23T13:14:31","date_gmt":"2022-07-23T13:14:31","guid":{"rendered":"https:\/\/www.twiceofsoulfood.de\/?page_id=356"},"modified":"2022-09-24T18:45:33","modified_gmt":"2022-09-24T18:45:33","slug":"impressum","status":"publish","type":"page","link":"https:\/\/www.twiceofsoulfood.de\/?page_id=356","title":{"rendered":"Impressum"},"content":{"rendered":"\n<div class=\"wp-block-group\"><div class=\"wp-block-group__inner-container is-layout-flow wp-block-group-is-layout-flow\">\n<p><strong>Inhaber und Betreiber sowie inhaltlich Verantwortliche:<\/strong><br>Hannah Buddinger<\/p>\n\n\n\n<p>Pia Weigl<\/p>\n<\/div><\/div>\n\n\n\n<p><strong>Kontakt:<\/strong> info@twiceofsoulfood.de<\/p>\n\n\n\n<p><\/p>\n\n\n\n<p><strong>Konzept\/Design:<\/strong><br><a href=\"https:\/\/themeforest.net\/\" data-type=\"URL\" data-id=\"https:\/\/themeforest.net\/\">https:\/\/themeforest.net\/<\/a><\/p>\n\n\n\n<p><strong>Haftungshinweis:<\/strong><\/p>\n\n\n\n<p>Texte, Bilder, Grafiken, Audio-Files, Animationen und Videos sowie deren Anordnung auf der Internetseite des Blogs unterliegen dem Schutz des Urheberrechts und anderer Schutzgesetze. Der Inhalt dieser Websites darf nicht zu kommerziellen Zwecken kopiert, verbreitet, ver\u00e4ndert oder Dritten zug\u00e4nglich gemacht werden, ohne das eine schriftliche Erlaubnis vorliegt.<\/p>\n\n\n\n<p>Alle genannten Markennamen &amp; Markenzeichen sind Eigentum der jeweiligen Inhaber.<\/p>\n\n\n\n<p><em><strong>Haftung f\u00fcr Inhalte<\/strong><\/em><\/p>\n\n\n\n<p>Die Inhalte unserer Seiten wurden mit gr\u00f6\u00dfter Sorgfalt erstellt. F\u00fcr die Richtigkeit, Vollst\u00e4ndigkeit und Aktualit\u00e4t der Inhalte k\u00f6nnen wir jedoch keine Gew\u00e4hr \u00fcbernehmen.<\/p>\n\n\n\n<p>Als Diensteanbieter sind wir gem\u00e4\u00df \u00a7 7 Abs.1 TMG f\u00fcr eigene Inhalte auf diesen Seiten nach den allgemeinen Gesetzen verantwortlich. Nach \u00a7\u00a7 8 bis 10 TMG sind wir als Diensteanbieter jedoch nicht verpflichtet, \u00fcbermittelte oder gespeicherte fremde Informationen zu \u00fcberwachen oder nach Umst\u00e4nden zu forschen, die auf eine rechtswidrige T\u00e4tigkeit hinweisen. Verpflichtungen zur Entfernung oder Sperrung der Nutzung von Informationen nach den allgemeinen Gesetzen bleiben hiervon unber\u00fchrt. Eine diesbez\u00fcgliche Haftung ist jedoch erst ab dem Zeitpunkt der Kenntnis einer konkreten Rechtsverletzung m\u00f6glich. Bei bekannt werden von entsprechenden Rechtsverletzungen werden wir diese Inhalte umgehend entfernen.<\/p>\n\n\n\n<p><em><strong>Haftung f\u00fcr Links<\/strong><\/em><\/p>\n\n\n\n<p>Unser Angebot enth\u00e4lt Links zu externen Webseiten Dritter, auf deren Inhalte wir keinen Einfluss haben. Deshalb k\u00f6nnen wir f\u00fcr diese fremden Inhalte auch keine Gew\u00e4hr \u00fcbernehmen. F\u00fcr die Inhalte der verlinkten Seiten ist stets der jeweilige Anbieter oder Betreiber der Seiten verantwortlich.&nbsp;<\/p>\n","protected":false},"excerpt":{"rendered":"<p>Inhaber und Betreiber sowie inhaltlich Verantwortliche:Hannah Buddinger Pia Weigl Kontakt: info@twiceofsoulfood.de Konzept\/Design:https:\/\/themeforest.net\/ Haftungshinweis: Texte, Bilder, Grafiken, Audio-Files, Animationen und Videos sowie deren Anordnung auf der Internetseite des Blogs unterliegen dem Schutz des Urheberrechts und anderer Schutzgesetze. Der Inhalt dieser Websites darf nicht zu kommerziellen Zwecken kopiert, verbreitet, ver\u00e4ndert oder Dritten zug\u00e4nglich gemacht werden, ohne das [&hellip;]<\/p>\n","protected":false},"author":2,"featured_media":0,"parent":0,"menu_order":0,"comment_status":"closed","ping_status":"closed","template":"","meta":{"footnotes":""},"class_list":["post-356","page","type-page","status-publish"],"amp_enabled":true,"_links":{"self":[{"href":"https:\/\/www.twiceofsoulfood.de\/index.php?rest_route=\/wp\/v2\/pages\/356","targetHints":{"allow":["GET"]}}],"collection":[{"href":"https:\/\/www.twiceofsoulfood.de\/index.php?rest_route=\/wp\/v2\/pages"}],"about":[{"href":"https:\/\/www.twiceofsoulfood.de\/index.php?rest_route=\/wp\/v2\/types\/page"}],"author":[{"embeddable":true,"href":"https:\/\/www.twiceofsoulfood.de\/index.php?rest_route=\/wp\/v2\/users\/2"}],"replies":[{"embeddable":true,"href":"https:\/\/www.twiceofsoulfood.de\/index.php?rest_route=%2Fwp%2Fv2%2Fcomments&post=356"}],"version-history":[{"count":4,"href":"https:\/\/www.twiceofsoulfood.de\/index.php?rest_route=\/wp\/v2\/pages\/356\/revisions"}],"predecessor-version":[{"id":411,"href":"https:\/\/www.twiceofsoulfood.de\/index.php?rest_route=\/wp\/v2\/pages\/356\/revisions\/411"}],"wp:attachment":[{"href":"https:\/\/www.twiceofsoulfood.de\/index.php?rest_route=%2Fwp%2Fv2%2Fmedia&parent=356"}],"curies":[{"name":"wp","href":"https:\/\/api.w.org\/{rel}","templated":true}]}}